{"id":17533,"date":"2025-06-28T05:41:50","date_gmt":"2025-06-28T03:41:50","guid":{"rendered":"https:\/\/conexionsp.com\/teste-dein-niveau\/"},"modified":"2025-06-28T06:39:01","modified_gmt":"2025-06-28T04:39:01","slug":"teste-dein-niveau","status":"publish","type":"page","link":"https:\/\/conexionsp.com\/de\/teste-dein-niveau\/","title":{"rendered":"Teste dein Niveau"},"content":{"rendered":"\t\t<div data-elementor-type=\"wp-page\" data-elementor-id=\"17533\" class=\"elementor elementor-17533 elementor-17521\" data-elementor-post-type=\"page\">\n\t\t\t\t<div class=\"elementor-element elementor-element-b71dc42 e-flex e-con-boxed e-con e-parent\" data-id=\"b71dc42\" data-element_type=\"container\" data-e-type=\"container\">\n\t\t\t\t\t<div class=\"e-con-inner\">\n\t\t\t\t<div class=\"elementor-element elementor-element-1988b0b elementor-widget elementor-widget-heading\" data-id=\"1988b0b\" data-element_type=\"widget\" data-e-type=\"widget\" data-widget_type=\"heading.default\">\n\t\t\t\t<div class=\"elementor-widget-container\">\n\t\t\t\t\t<h2 class=\"elementor-heading-title elementor-size-default\">Teste dein Spanisch-Niveau<\/h2>\t\t\t\t<\/div>\n\t\t\t\t<\/div>\n\t\t\t\t<div class=\"elementor-element elementor-element-6a98389 elementor-widget elementor-widget-text-editor\" data-id=\"6a98389\" data-element_type=\"widget\" data-e-type=\"widget\" data-widget_type=\"text-editor.default\">\n\t\t\t\t<div class=\"elementor-widget-container\">\n\t\t\t\t\t\t\t\t\t<p>Dieser Test besteht aus 90 Fragen mit progressiver Schwierigkeit. Obwohl er keine offizielle Niveaubescheinigung darstellt, gibt er dir eine ungef\u00e4hre Vorstellung deiner sprachlichen Kompetenz im Spanischen. Um das Ergebnis zu erhalten, musst du alle 90 Fragen beantworten und den Test abschlie\u00dfen. F\u00fcr ein genaueres Ergebnis w\u00e4hle &#8220;No s\u00e9&#8221; bei Fragen, deren Antworten du nicht kennst, da es sich um Multiple-Choice-Fragen handelt und wenn du zuf\u00e4llig Optionen markierst, hast du eine 20%ige Chance, die richtige Antwort zu treffen, was dir ein h\u00f6heres Ergebnis als dein tats\u00e4chliches Niveau geben k\u00f6nnte.   <\/p>\n\t\t\t\t\t\t\t\t<\/div>\n\t\t\t\t<\/div>\n\t\t\t\t<div class=\"elementor-element elementor-element-bf08b22 elementor-widget elementor-widget-shortcode\" data-id=\"bf08b22\" data-element_type=\"widget\" data-e-type=\"widget\" data-widget_type=\"shortcode.default\">\n\t\t\t\t<div class=\"elementor-widget-container\">\n\t\t\t\t\t\t\t<div class=\"elementor-shortcode\"><div class=\"h5p-iframe-wrapper\"><iframe id=\"h5p-iframe-156\" class=\"h5p-iframe\" data-content-id=\"156\" style=\"height:1px\" src=\"about:blank\" frameBorder=\"0\" scrolling=\"no\" title=\"Prueba de nivel de idioma espa\u00f1ol de acuerdo al MCER\"><\/iframe><\/div><\/div>\n\t\t\t\t\t\t<\/div>\n\t\t\t\t<\/div>\n\t\t\t\t\t<\/div>\n\t\t\t\t<\/div>\n\t\t\t\t<\/div>\n\t\t","protected":false},"excerpt":{"rendered":"<p>Teste dein Spanisch-Niveau Dieser Test besteht aus 90 Fragen mit progressiver Schwierigkeit. Obwohl er keine offizielle Niveaubescheinigung darstellt, gibt er dir eine ungef\u00e4hre Vorstellung deiner sprachlichen Kompetenz im Spanischen. Um das Ergebnis zu erhalten, musst du alle 90 Fragen beantworten und den Test abschlie\u00dfen. F\u00fcr ein genaueres Ergebnis w\u00e4hle &#8220;No s\u00e9&#8221; bei Fragen, deren Antworten [&hellip;]<\/p>\n","protected":false},"author":1,"featured_media":0,"parent":0,"menu_order":0,"comment_status":"closed","ping_status":"closed","template":"","meta":{"nf_dc_page":"","footnotes":""},"class_list":["post-17533","page","type-page","status-publish","hentry"],"_links":{"self":[{"href":"https:\/\/conexionsp.com\/de\/wp-json\/wp\/v2\/pages\/17533","targetHints":{"allow":["GET"]}}],"collection":[{"href":"https:\/\/conexionsp.com\/de\/wp-json\/wp\/v2\/pages"}],"about":[{"href":"https:\/\/conexionsp.com\/de\/wp-json\/wp\/v2\/types\/page"}],"author":[{"embeddable":true,"href":"https:\/\/conexionsp.com\/de\/wp-json\/wp\/v2\/users\/1"}],"replies":[{"embeddable":true,"href":"https:\/\/conexionsp.com\/de\/wp-json\/wp\/v2\/comments?post=17533"}],"version-history":[{"count":1,"href":"https:\/\/conexionsp.com\/de\/wp-json\/wp\/v2\/pages\/17533\/revisions"}],"predecessor-version":[{"id":17534,"href":"https:\/\/conexionsp.com\/de\/wp-json\/wp\/v2\/pages\/17533\/revisions\/17534"}],"wp:attachment":[{"href":"https:\/\/conexionsp.com\/de\/wp-json\/wp\/v2\/media?parent=17533"}],"curies":[{"name":"wp","href":"https:\/\/api.w.org\/{rel}","templated":true}]}}