{"id":8906,"date":"2024-09-18T15:16:18","date_gmt":"2024-09-18T13:16:18","guid":{"rendered":"https:\/\/conexionsp.com\/2024\/ueber-mich\/"},"modified":"2024-09-28T10:11:57","modified_gmt":"2024-09-28T08:11:57","slug":"ueber-mich","status":"publish","type":"page","link":"https:\/\/conexionsp.com\/de\/ueber-mich\/","title":{"rendered":"\u00dcber mich"},"content":{"rendered":"\t\t<div data-elementor-type=\"wp-page\" data-elementor-id=\"8906\" class=\"elementor elementor-8906 elementor-8395\" data-elementor-post-type=\"page\">\n\t\t\t\t<div class=\"elementor-element elementor-element-a8fa1d6 e-flex e-con-boxed e-con e-parent\" data-id=\"a8fa1d6\" data-element_type=\"container\" data-e-type=\"container\" data-settings=\"{&quot;background_background&quot;:&quot;classic&quot;}\">\n\t\t\t\t\t<div class=\"e-con-inner\">\n\t\t<div class=\"elementor-element elementor-element-ccc433c e-con-full e-flex e-con e-child\" data-id=\"ccc433c\" data-element_type=\"container\" data-e-type=\"container\">\n\t\t\t\t<div class=\"elementor-element elementor-element-d3e0b16 elementor-widget elementor-widget-wp-widget-media_image\" data-id=\"d3e0b16\" data-element_type=\"widget\" data-e-type=\"widget\" data-widget_type=\"wp-widget-media_image.default\">\n\t\t\t\t<div class=\"elementor-widget-container\">\n\t\t\t\t\t<img fetchpriority=\"high\" decoding=\"async\" width=\"500\" height=\"500\" src=\"https:\/\/conexionsp.com\/wp-content\/uploads\/2024\/09\/ich-650x650.png\" class=\"image wp-image-8398  attachment-500x500 size-500x500\" alt=\"\" style=\"max-width: 100%; height: auto;\" srcset=\"https:\/\/conexionsp.com\/wp-content\/uploads\/2024\/09\/ich-650x650.png 650w, https:\/\/conexionsp.com\/wp-content\/uploads\/2024\/09\/ich-300x300.png 300w, https:\/\/conexionsp.com\/wp-content\/uploads\/2024\/09\/ich-1024x1024.png 1024w, https:\/\/conexionsp.com\/wp-content\/uploads\/2024\/09\/ich-150x150.png 150w, https:\/\/conexionsp.com\/wp-content\/uploads\/2024\/09\/ich-768x768.png 768w, https:\/\/conexionsp.com\/wp-content\/uploads\/2024\/09\/ich.png 1080w\" sizes=\"(max-width: 500px) 100vw, 500px\" \/>\t\t\t\t<\/div>\n\t\t\t\t<\/div>\n\t\t\t\t<\/div>\n\t\t\t\t\t<\/div>\n\t\t\t\t<\/div>\n\t\t\t\t<section class=\"elementor-section elementor-top-section elementor-element elementor-element-c5895a7 elementor-section-boxed elementor-section-height-default elementor-section-height-default qodef-elementor-content-no\" data-id=\"c5895a7\" data-element_type=\"section\" data-e-type=\"section\">\n\t\t\t\t\t\t<div class=\"elementor-container elementor-column-gap-default\">\n\t\t\t\t\t<div class=\"elementor-column elementor-col-50 elementor-top-column elementor-element elementor-element-a65c0da\" data-id=\"a65c0da\" data-element_type=\"column\" data-e-type=\"column\">\n\t\t\t<div class=\"elementor-widget-wrap elementor-element-populated\">\n\t\t\t\t\t\t<div class=\"elementor-element elementor-element-bb78b99 elementor-widget elementor-widget-elipsa_core_dropcaps\" data-id=\"bb78b99\" data-element_type=\"widget\" data-e-type=\"widget\" data-widget_type=\"elipsa_core_dropcaps.default\">\n\t\t\t\t<div class=\"elementor-widget-container\">\n\t\t\t\t\t<div class=\"qodef-shortcode qodef-m  qodef-dropcaps qodef-type--simple\">\n\t<span class=\"qodef-m-letter\" >A<\/span>\n\t\t\t<p class=\"qodef-m-text\" >us Salto, Uruguay. Arzt und Lehrer f\u00fcr Spanisch als Fremdsprache. Technologie-, Schreib-, Sprach-, Phonetik-, Linguistik- und vor allem pragmatische Linguistik-Enthusiast. Ich liebe es, in fremde Kulturen einzutauchen: Die Situation, einen Fehler zu begehen, weil ich etwas tue, das f\u00fcr meine Kultur normal w\u00e4re, die Herausforderung, mit jemandem zu kommunizieren, und das Ausprobieren und etwas zum ersten Mal zu tun - das ist mein Platz in der Welt. Ja, ich liebe es zu reisen. Wann hast du das letzte Mal etwas zum ersten Mal gemacht? <\/p>\n\t<\/div>\t\t\t\t<\/div>\n\t\t\t\t<\/div>\n\t\t\t\t\t<\/div>\n\t\t<\/div>\n\t\t\t\t<div class=\"elementor-column elementor-col-50 elementor-top-column elementor-element elementor-element-d5cbb96\" data-id=\"d5cbb96\" data-element_type=\"column\" data-e-type=\"column\">\n\t\t\t<div class=\"elementor-widget-wrap elementor-element-populated\">\n\t\t\t\t\t\t<div class=\"elementor-element elementor-element-8c5669c elementor-widget elementor-widget-text-editor\" data-id=\"8c5669c\" data-element_type=\"widget\" data-e-type=\"widget\" data-widget_type=\"text-editor.default\">\n\t\t\t\t<div class=\"elementor-widget-container\">\n\t\t\t\t\t\t\t\t\t<p>Mit 9 Jahren habe ich angefangen, Englisch zu lernen, vor 5 Jahren Deutsch und vor 2 Jahren Franz\u00f6sisch. Das Lernen von Fremdsprachen hat mein Interesse an meiner eigenen Sprache geweckt, deshalb habe ich einen Master in Spanisch als Fremdsprache gemacht. Heute, als begeisterter Sprachenlerner, baue ich diesen Raum auf, um meine Muttersprache zu teilen und gleichzeitig in den Austausch zu treten. Ich unterrichte gerne, ja, aber das Lernen ist etwas, das ich brauche. Also, wenn du bis hierher gelesen hast, m\u00f6chte ich, dass du wei\u00dft, dass dieser Raum f\u00fcr den Austausch gedacht ist. Schreib mir alles, was du mir sagen m\u00f6chtest.     <\/p>\n\t\t\t\t\t\t\t\t<\/div>\n\t\t\t\t<\/div>\n\t\t\t\t\t<\/div>\n\t\t<\/div>\n\t\t\t\t\t<\/div>\n\t\t<\/section>\n\t\t\t\t<\/div>\n\t\t","protected":false},"excerpt":{"rendered":"<p>A us Salto, Uruguay. Arzt und Lehrer f\u00fcr Spanisch als Fremdsprache. Technologie-, Schreib-, Sprach-, Phonetik-, Linguistik- und vor allem pragmatische Linguistik-Enthusiast. Ich liebe es, in fremde Kulturen einzutauchen: Die Situation, einen Fehler zu begehen, weil ich etwas tue, das f\u00fcr meine Kultur normal w\u00e4re, die Herausforderung, mit jemandem zu kommunizieren, und das Ausprobieren und etwas [&hellip;]<\/p>\n","protected":false},"author":1,"featured_media":0,"parent":0,"menu_order":0,"comment_status":"closed","ping_status":"closed","template":"page-full-width.php","meta":{"nf_dc_page":"","footnotes":""},"class_list":["post-8906","page","type-page","status-publish","hentry"],"_links":{"self":[{"href":"https:\/\/conexionsp.com\/de\/wp-json\/wp\/v2\/pages\/8906","targetHints":{"allow":["GET"]}}],"collection":[{"href":"https:\/\/conexionsp.com\/de\/wp-json\/wp\/v2\/pages"}],"about":[{"href":"https:\/\/conexionsp.com\/de\/wp-json\/wp\/v2\/types\/page"}],"author":[{"embeddable":true,"href":"https:\/\/conexionsp.com\/de\/wp-json\/wp\/v2\/users\/1"}],"replies":[{"embeddable":true,"href":"https:\/\/conexionsp.com\/de\/wp-json\/wp\/v2\/comments?post=8906"}],"version-history":[{"count":5,"href":"https:\/\/conexionsp.com\/de\/wp-json\/wp\/v2\/pages\/8906\/revisions"}],"predecessor-version":[{"id":8911,"href":"https:\/\/conexionsp.com\/de\/wp-json\/wp\/v2\/pages\/8906\/revisions\/8911"}],"wp:attachment":[{"href":"https:\/\/conexionsp.com\/de\/wp-json\/wp\/v2\/media?parent=8906"}],"curies":[{"name":"wp","href":"https:\/\/api.w.org\/{rel}","templated":true}]}}