{"id":17535,"date":"2025-06-28T05:41:50","date_gmt":"2025-06-28T03:41:50","guid":{"rendered":"https:\/\/conexionsp.com\/teste-ton-niveau\/"},"modified":"2025-06-28T06:52:59","modified_gmt":"2025-06-28T04:52:59","slug":"teste-ton-niveau","status":"publish","type":"page","link":"https:\/\/conexionsp.com\/fr\/teste-ton-niveau\/","title":{"rendered":"Teste ton niveau"},"content":{"rendered":"\t\t<div data-elementor-type=\"wp-page\" data-elementor-id=\"17535\" class=\"elementor elementor-17535 elementor-17521\" data-elementor-post-type=\"page\">\n\t\t\t\t<div class=\"elementor-element elementor-element-b71dc42 e-flex e-con-boxed e-con e-parent\" data-id=\"b71dc42\" data-element_type=\"container\" data-e-type=\"container\">\n\t\t\t\t\t<div class=\"e-con-inner\">\n\t\t\t\t<div class=\"elementor-element elementor-element-1988b0b elementor-widget elementor-widget-heading\" data-id=\"1988b0b\" data-element_type=\"widget\" data-e-type=\"widget\" data-widget_type=\"heading.default\">\n\t\t\t\t<div class=\"elementor-widget-container\">\n\t\t\t\t\t<h2 class=\"elementor-heading-title elementor-size-default\">Teste ton niveau d'espagnol<\/h2>\t\t\t\t<\/div>\n\t\t\t\t<\/div>\n\t\t\t\t<div class=\"elementor-element elementor-element-6a98389 elementor-widget elementor-widget-text-editor\" data-id=\"6a98389\" data-element_type=\"widget\" data-e-type=\"widget\" data-widget_type=\"text-editor.default\">\n\t\t\t\t<div class=\"elementor-widget-container\">\n\t\t\t\t\t\t\t\t\t<p>Ce test comprend 90 questions de difficult\u00e9 progressive. Bien qu&#8217;il ne constitue pas une certification de niveau officielle, il te donnera une id\u00e9e approximative de ta comp\u00e9tence linguistique en espagnol. Pour obtenir le r\u00e9sultat, il est n\u00e9cessaire de r\u00e9pondre aux 90 questions et de terminer le test. Pour un r\u00e9sultat plus pr\u00e9cis, coche &#8220;No s\u00e9&#8221; pour les questions dont tu ne connais pas les r\u00e9ponses, car s&#8217;agissant de questions \u00e0 choix multiple, si tu coches des options au hasard, t&#8217;as 20% de chances de trouver la bonne r\u00e9ponse, ce qui pourrait te donner un r\u00e9sultat sup\u00e9rieur \u00e0 ton niveau r\u00e9el.   <\/p>\n\t\t\t\t\t\t\t\t<\/div>\n\t\t\t\t<\/div>\n\t\t\t\t<div class=\"elementor-element elementor-element-bf08b22 elementor-widget elementor-widget-shortcode\" data-id=\"bf08b22\" data-element_type=\"widget\" data-e-type=\"widget\" data-widget_type=\"shortcode.default\">\n\t\t\t\t<div class=\"elementor-widget-container\">\n\t\t\t\t\t\t\t<div class=\"elementor-shortcode\"><div class=\"h5p-iframe-wrapper\"><iframe id=\"h5p-iframe-156\" class=\"h5p-iframe\" data-content-id=\"156\" style=\"height:1px\" src=\"about:blank\" frameBorder=\"0\" scrolling=\"no\" title=\"Prueba de nivel de idioma espa\u00f1ol de acuerdo al MCER\"><\/iframe><\/div><\/div>\n\t\t\t\t\t\t<\/div>\n\t\t\t\t<\/div>\n\t\t\t\t\t<\/div>\n\t\t\t\t<\/div>\n\t\t\t\t<\/div>\n\t\t","protected":false},"excerpt":{"rendered":"<p>Teste ton niveau d&#8217;espagnol Ce test comprend 90 questions de difficult\u00e9 progressive. Bien qu&#8217;il ne constitue pas une certification de niveau officielle, il te donnera une id\u00e9e approximative de ta comp\u00e9tence linguistique en espagnol. Pour obtenir le r\u00e9sultat, il est n\u00e9cessaire de r\u00e9pondre aux 90 questions et de terminer le test. Pour un r\u00e9sultat plus [&hellip;]<\/p>\n","protected":false},"author":1,"featured_media":0,"parent":0,"menu_order":0,"comment_status":"closed","ping_status":"closed","template":"","meta":{"nf_dc_page":"","footnotes":""},"class_list":["post-17535","page","type-page","status-publish","hentry"],"_links":{"self":[{"href":"https:\/\/conexionsp.com\/fr\/wp-json\/wp\/v2\/pages\/17535","targetHints":{"allow":["GET"]}}],"collection":[{"href":"https:\/\/conexionsp.com\/fr\/wp-json\/wp\/v2\/pages"}],"about":[{"href":"https:\/\/conexionsp.com\/fr\/wp-json\/wp\/v2\/types\/page"}],"author":[{"embeddable":true,"href":"https:\/\/conexionsp.com\/fr\/wp-json\/wp\/v2\/users\/1"}],"replies":[{"embeddable":true,"href":"https:\/\/conexionsp.com\/fr\/wp-json\/wp\/v2\/comments?post=17535"}],"version-history":[{"count":1,"href":"https:\/\/conexionsp.com\/fr\/wp-json\/wp\/v2\/pages\/17535\/revisions"}],"predecessor-version":[{"id":17536,"href":"https:\/\/conexionsp.com\/fr\/wp-json\/wp\/v2\/pages\/17535\/revisions\/17536"}],"wp:attachment":[{"href":"https:\/\/conexionsp.com\/fr\/wp-json\/wp\/v2\/media?parent=17535"}],"curies":[{"name":"wp","href":"https:\/\/api.w.org\/{rel}","templated":true}]}}