{"id":8916,"date":"2024-09-18T15:16:18","date_gmt":"2024-09-18T13:16:18","guid":{"rendered":"https:\/\/conexionsp.com\/2024\/a-propos-de-moijai-commence-a-apprendre-langlais-a-lage-de-9-ans-lallemand-il-y-a-5-ans-et-le-francais-il-y-a-2-ans-lapprentissage-des-langues-etrangeres-ma-pousse-a-vouloir-en-savoir-pl\/"},"modified":"2024-09-28T10:33:04","modified_gmt":"2024-09-28T08:33:04","slug":"a-propos-de-moi","status":"publish","type":"page","link":"https:\/\/conexionsp.com\/fr\/a-propos-de-moi\/","title":{"rendered":"\u00c0 propos de moi"},"content":{"rendered":"\t\t<div data-elementor-type=\"wp-page\" data-elementor-id=\"8916\" class=\"elementor elementor-8916 elementor-8395\" data-elementor-post-type=\"page\">\n\t\t\t\t<div class=\"elementor-element elementor-element-a8fa1d6 e-flex e-con-boxed e-con e-parent\" data-id=\"a8fa1d6\" data-element_type=\"container\" data-e-type=\"container\" data-settings=\"{&quot;background_background&quot;:&quot;classic&quot;}\">\n\t\t\t\t\t<div class=\"e-con-inner\">\n\t\t<div class=\"elementor-element elementor-element-ccc433c e-con-full e-flex e-con e-child\" data-id=\"ccc433c\" data-element_type=\"container\" data-e-type=\"container\">\n\t\t\t\t<div class=\"elementor-element elementor-element-d3e0b16 elementor-widget elementor-widget-wp-widget-media_image\" data-id=\"d3e0b16\" data-element_type=\"widget\" data-e-type=\"widget\" data-widget_type=\"wp-widget-media_image.default\">\n\t\t\t\t<div class=\"elementor-widget-container\">\n\t\t\t\t\t<img fetchpriority=\"high\" decoding=\"async\" width=\"500\" height=\"500\" src=\"https:\/\/conexionsp.com\/wp-content\/uploads\/2024\/09\/ich-650x650.png\" class=\"image wp-image-8398  attachment-500x500 size-500x500\" alt=\"\" style=\"max-width: 100%; height: auto;\" srcset=\"https:\/\/conexionsp.com\/wp-content\/uploads\/2024\/09\/ich-650x650.png 650w, https:\/\/conexionsp.com\/wp-content\/uploads\/2024\/09\/ich-300x300.png 300w, https:\/\/conexionsp.com\/wp-content\/uploads\/2024\/09\/ich-1024x1024.png 1024w, https:\/\/conexionsp.com\/wp-content\/uploads\/2024\/09\/ich-150x150.png 150w, https:\/\/conexionsp.com\/wp-content\/uploads\/2024\/09\/ich-768x768.png 768w, https:\/\/conexionsp.com\/wp-content\/uploads\/2024\/09\/ich.png 1080w\" sizes=\"(max-width: 500px) 100vw, 500px\" \/>\t\t\t\t<\/div>\n\t\t\t\t<\/div>\n\t\t\t\t<\/div>\n\t\t\t\t\t<\/div>\n\t\t\t\t<\/div>\n\t\t\t\t<section class=\"elementor-section elementor-top-section elementor-element elementor-element-c5895a7 elementor-section-boxed elementor-section-height-default elementor-section-height-default qodef-elementor-content-no\" data-id=\"c5895a7\" data-element_type=\"section\" data-e-type=\"section\">\n\t\t\t\t\t\t<div class=\"elementor-container elementor-column-gap-default\">\n\t\t\t\t\t<div class=\"elementor-column elementor-col-50 elementor-top-column elementor-element elementor-element-a65c0da\" data-id=\"a65c0da\" data-element_type=\"column\" data-e-type=\"column\">\n\t\t\t<div class=\"elementor-widget-wrap elementor-element-populated\">\n\t\t\t\t\t\t<div class=\"elementor-element elementor-element-bb78b99 elementor-widget elementor-widget-elipsa_core_dropcaps\" data-id=\"bb78b99\" data-element_type=\"widget\" data-e-type=\"widget\" data-widget_type=\"elipsa_core_dropcaps.default\">\n\t\t\t\t<div class=\"elementor-widget-container\">\n\t\t\t\t\t<div class=\"qodef-shortcode qodef-m  qodef-dropcaps qodef-type--simple\">\n\t<span class=\"qodef-m-letter\" >D<\/span>\n\t\t\t<p class=\"qodef-m-text\" >e Salto, Uruguay. M\u00e9decin, professeur d&#039;espagnol langue \u00e9trang\u00e8re. Passionn\u00e9 de technologie, d&#039;\u00e9criture, de langues, de phon\u00e9tique, de linguistique et surtout de pragmatique linguistique. J&#039;adore me plonger dans diff\u00e9rentes cultures: la situation d&#039;\u00eatre \u00e0 un pas de faire une erreur en faisant quelque chose qui serait normal dans ma culture, l&#039;effort qu&#039;il faut pour communiquer avec quelqu&#039;un, l&#039;exp\u00e9rience d&#039;essayer et de faire des choses pour la premi\u00e8re fois est ma place dans le monde. Oui, j&#039;adore voyager. Quand as-tu fait quelque chose pour la premi\u00e8re fois pour la derni\u00e8re fois? <\/p>\n\t<\/div>\t\t\t\t<\/div>\n\t\t\t\t<\/div>\n\t\t\t\t\t<\/div>\n\t\t<\/div>\n\t\t\t\t<div class=\"elementor-column elementor-col-50 elementor-top-column elementor-element elementor-element-d5cbb96\" data-id=\"d5cbb96\" data-element_type=\"column\" data-e-type=\"column\">\n\t\t\t<div class=\"elementor-widget-wrap elementor-element-populated\">\n\t\t\t\t\t\t<div class=\"elementor-element elementor-element-8c5669c elementor-widget elementor-widget-text-editor\" data-id=\"8c5669c\" data-element_type=\"widget\" data-e-type=\"widget\" data-widget_type=\"text-editor.default\">\n\t\t\t\t<div class=\"elementor-widget-container\">\n\t\t\t\t\t\t\t\t\t<p>J&#8217;ai commenc\u00e9 \u00e0 apprendre l&#8217;anglais \u00e0 l&#8217;\u00e2ge de 9 ans, l&#8217;allemand il y a 5 ans et le fran\u00e7ais il y a 2 ans. L&#8217;apprentissage des langues \u00e9trang\u00e8res m&#8217;a pouss\u00e9 \u00e0 vouloir en savoir plus sur la mienne, c&#8217;est pourquoi j&#8217;ai suivi un master en espagnol langue \u00e9trang\u00e8re en cours de route. Aujourd&#8217;hui, en tant qu&#8217;apprenant enthousiaste, je cr\u00e9e cet espace pour partager ma langue maternelle, mais aussi pour engager un \u00e9change. J&#8217;aime enseigner, oui, mais apprendre est quelque chose dont j&#8217;ai besoin. Donc, si tu es arriv\u00e9 jusqu&#8217;ici, je veux que tu saches que cet espace est destin\u00e9 \u00e0 l&#8217;\u00e9change mutuel. \u00c9cris-moi tout ce que tu aimerais dire.     <\/p>\n\t\t\t\t\t\t\t\t<\/div>\n\t\t\t\t<\/div>\n\t\t\t\t\t<\/div>\n\t\t<\/div>\n\t\t\t\t\t<\/div>\n\t\t<\/section>\n\t\t\t\t<\/div>\n\t\t","protected":false},"excerpt":{"rendered":"<p>D e Salto, Uruguay. M\u00e9decin, professeur d&#039;espagnol langue \u00e9trang\u00e8re. Passionn\u00e9 de technologie, d&#039;\u00e9criture, de langues, de phon\u00e9tique, de linguistique et surtout de pragmatique linguistique. J&#039;adore me plonger dans diff\u00e9rentes cultures: la situation d&#039;\u00eatre \u00e0 un pas de faire une erreur en faisant quelque chose qui serait normal dans ma culture, l&#039;effort qu&#039;il faut pour communiquer [&hellip;]<\/p>\n","protected":false},"author":1,"featured_media":0,"parent":0,"menu_order":0,"comment_status":"closed","ping_status":"closed","template":"page-full-width.php","meta":{"nf_dc_page":"","footnotes":""},"class_list":["post-8916","page","type-page","status-publish","hentry"],"_links":{"self":[{"href":"https:\/\/conexionsp.com\/fr\/wp-json\/wp\/v2\/pages\/8916","targetHints":{"allow":["GET"]}}],"collection":[{"href":"https:\/\/conexionsp.com\/fr\/wp-json\/wp\/v2\/pages"}],"about":[{"href":"https:\/\/conexionsp.com\/fr\/wp-json\/wp\/v2\/types\/page"}],"author":[{"embeddable":true,"href":"https:\/\/conexionsp.com\/fr\/wp-json\/wp\/v2\/users\/1"}],"replies":[{"embeddable":true,"href":"https:\/\/conexionsp.com\/fr\/wp-json\/wp\/v2\/comments?post=8916"}],"version-history":[{"count":5,"href":"https:\/\/conexionsp.com\/fr\/wp-json\/wp\/v2\/pages\/8916\/revisions"}],"predecessor-version":[{"id":8921,"href":"https:\/\/conexionsp.com\/fr\/wp-json\/wp\/v2\/pages\/8916\/revisions\/8921"}],"wp:attachment":[{"href":"https:\/\/conexionsp.com\/fr\/wp-json\/wp\/v2\/media?parent=8916"}],"curies":[{"name":"wp","href":"https:\/\/api.w.org\/{rel}","templated":true}]}}